{"id":12,"date":"2023-04-01T20:05:34","date_gmt":"2023-04-01T17:05:34","guid":{"rendered":"https:\/\/furkangozukucuk.com\/?page_id=12"},"modified":"2023-05-29T09:30:03","modified_gmt":"2023-05-29T06:30:03","slug":"merhaba","status":"publish","type":"page","link":"https:\/\/furkangozukucuk.com\/","title":{"rendered":"Firma Bilgilerimiz"},"content":{"rendered":"\n<div class=\"wp-block-columns is-layout-flex wp-container-2\">\n<div class=\"wp-block-column is-layout-flow\" style=\"flex-basis:100%\">\n<p>Firma: FURKAN G\u00d6Z\u00dcK\u00dc\u00c7\u00dcK TEKSTIL PAZARLAMA SANAYI VE TICARET LIMITED SIRKETI<br>Adres: SAMANLI MAH. 4.\u00c7AMLICA SK. NO:30\/9 YILDIRIM \/ BURSA<br>Vergi Dairesi: YILDIRIM V.D.<br>Vergi No: 3881764595 (E-FATURA M\u00fckellefiyiz)<br>Furkan G\u00d6Z\u00dcK\u00dc\u00c7\u00dcK<br>Tel: 0536 577 32 18<\/p>\n<\/div>\n<\/div>\n","protected":false},"excerpt":{"rendered":"<p>Firma: FURKAN G\u00d6Z\u00dcK\u00dc\u00c7\u00dcK TEKSTIL PAZARLAMA SANAYI VE TICARET LIMITED SIRKETIAdres: SAMANLI MAH. 4.\u00c7AMLICA SK. NO:30\/9 YILDIRIM \/ BURSAVergi Dairesi: YILDIRIM V.D.Vergi No: 3881764595 (E-FATURA M\u00fckellefiyiz)Furkan G\u00d6Z\u00dcK\u00dc\u00c7\u00dcKTel: 0536 577 32 18<\/p>\n","protected":false},"author":1,"featured_media":0,"parent":0,"menu_order":0,"comment_status":"closed","ping_status":"closed","template":"","meta":[],"featured_media_urls":[],"_links":{"self":[{"href":"https:\/\/furkangozukucuk.com\/index.php?rest_route=\/wp\/v2\/pages\/12"}],"collection":[{"href":"https:\/\/furkangozukucuk.com\/index.php?rest_route=\/wp\/v2\/pages"}],"about":[{"href":"https:\/\/furkangozukucuk.com\/index.php?rest_route=\/wp\/v2\/types\/page"}],"author":[{"embeddable":true,"href":"https:\/\/furkangozukucuk.com\/index.php?rest_route=\/wp\/v2\/users\/1"}],"replies":[{"embeddable":true,"href":"https:\/\/furkangozukucuk.com\/index.php?rest_route=%2Fwp%2Fv2%2Fcomments&post=12"}],"version-history":[{"count":5,"href":"https:\/\/furkangozukucuk.com\/index.php?rest_route=\/wp\/v2\/pages\/12\/revisions"}],"predecessor-version":[{"id":47,"href":"https:\/\/furkangozukucuk.com\/index.php?rest_route=\/wp\/v2\/pages\/12\/revisions\/47"}],"wp:attachment":[{"href":"https:\/\/furkangozukucuk.com\/index.php?rest_route=%2Fwp%2Fv2%2Fmedia&parent=12"}],"curies":[{"name":"wp","href":"https:\/\/api.w.org\/{rel}","templated":true}]}}